{"id":2276,"date":"2023-07-26T18:05:12","date_gmt":"2023-07-26T18:05:12","guid":{"rendered":"https:\/\/archerit.is\/?page_id=2276"},"modified":"2023-08-30T10:48:51","modified_gmt":"2023-08-30T10:48:51","slug":"sieci-inteligentne","status":"publish","type":"page","link":"https:\/\/archerit.is\/pl\/sieci-inteligentne\/","title":{"rendered":"Sieci Inteligentne"},"content":{"rendered":"\t\t<div data-elementor-type=\"wp-page\" data-elementor-id=\"2276\" class=\"elementor elementor-2276\" data-elementor-post-type=\"page\">\n\t\t\t\t\t\t<section class=\"elementor-section elementor-top-section elementor-element elementor-element-e7cd505 elementor-section-full_width elementor-section-height-min-height qodef-elementor-content-grid elementor-section-height-default elementor-section-items-middle\" data-id=\"e7cd505\" data-element_type=\"section\" data-settings=\"{&quot;background_background&quot;:&quot;classic&quot;}\">\n\t\t\t\t\t\t\t<div class=\"elementor-background-overlay\"><\/div>\n\t\t\t\t\t\t\t<div class=\"elementor-container elementor-column-gap-default\">\n\t\t\t\t\t<div class=\"elementor-column elementor-col-100 elementor-top-column elementor-element elementor-element-8343fc0\" data-id=\"8343fc0\" data-element_type=\"column\">\n\t\t\t<div class=\"elementor-widget-wrap elementor-element-populated\">\n\t\t\t\t\t\t<div class=\"elementor-element elementor-element-b2265da elementor-widget__width-initial elementor-widget-tablet__width-initial elementor-invisible elementor-widget elementor-widget-qi_addons_for_elementor_section_title\" data-id=\"b2265da\" data-element_type=\"widget\" data-settings=\"{&quot;_animation&quot;:&quot;fadeInUp&quot;}\" data-widget_type=\"qi_addons_for_elementor_section_title.default\">\n\t\t\t\t<div class=\"elementor-widget-container\">\n\t\t\t<div class=\"qodef-shortcode qodef-m  qodef-qi-section-title  qodef-decoration--italic  qodef-link--underline-draw qodef-subtitle-icon--left\">\n\t\t\t\t\t\t<h1 class=\"qodef-m-title\">\n\t\tInteligenta sie\u0107 to wi\u0119ksza wydajno\u015b\u0107 Pa\u0144stwa firmy i mniejsze koszty\t<\/h1>\n\t\t\t<\/div>\n\t\t<\/div>\n\t\t\t\t<\/div>\n\t\t\t\t<div class=\"elementor-element elementor-element-dc6f32b elementor-widget elementor-widget-html\" data-id=\"dc6f32b\" data-element_type=\"widget\" data-widget_type=\"html.default\">\n\t\t\t\t<div class=\"elementor-widget-container\">\n\t\t\t<style>\n.particles-js-canvas-el {\n    width: 100%;\n    height: 100%;\n    position: absolute;\n    z-index: 10;\n    top: 0;\n    left:0;\n}\n<\/style>\n<script src=\"https:\/\/cdn.jsdelivr.net\/particles.js\/2.0.0\/particles.min.js\"><\/script> \n<script>\nparticlesJS(\"particles-js\", {\"particles\":{\"number\":{\"value\":384,\"density\":{\"enable\":true,\"value_area\":2288.528160733591}},\"color\":{\"value\":\"#ffffff\"},\"shape\":{\"type\":\"circle\",\"stroke\":{\"width\":0,\"color\":\"#000000\"},\"polygon\":{\"nb_sides\":5},\"image\":{\"src\":\"img\/github.svg\",\"width\":100,\"height\":100}},\"opacity\":{\"value\":0.5,\"random\":false,\"anim\":{\"enable\":false,\"speed\":1,\"opacity_min\":0.1,\"sync\":false}},\"size\":{\"value\":5,\"random\":true,\"anim\":{\"enable\":false,\"speed\":40,\"size_min\":0.1,\"sync\":false}},\"line_linked\":{\"enable\":true,\"distance\":157.82952832645452,\"color\":\"#ffffff\",\"opacity\":0.16572100474277726,\"width\":2.367442924896818},\"move\":{\"enable\":true,\"speed\":1,\"direction\":\"none\",\"random\":true,\"straight\":false,\"out_mode\":\"out\",\"bounce\":false,\"attract\":{\"enable\":false,\"rotateX\":600,\"rotateY\":1200}}},\"interactivity\":{\"detect_on\":\"canvas\",\"events\":{\"onhover\":{\"enable\":true,\"mode\":\"grab\"},\"onclick\":{\"enable\":true,\"mode\":\"push\"},\"resize\":true},\"modes\":{\"grab\":{\"distance\":267.9854800594439,\"line_linked\":{\"opacity\":1}},\"bubble\":{\"distance\":400,\"size\":40,\"duration\":2,\"opacity\":8,\"speed\":3},\"repulse\":{\"distance\":200,\"duration\":0.4},\"push\":{\"particles_nb\":4},\"remove\":{\"particles_nb\":2}}},\"retina_detect\":true});var count_particles, stats, update; stats = new Stats; stats.setMode(0); stats.domElement.style.position = 'absolute'; stats.domElement.style.left = '0px'; stats.domElement.style.top = '0px'; document.body.appendChild(stats.domElement); count_particles = document.querySelector('.js-count-particles'); update = function() { stats.begin(); stats.end(); if (window.pJSDom[0].pJS.particles && window.pJSDom[0].pJS.particles.array) { count_particles.innerText = window.pJSDom[0].pJS.particles.array.length; } requestAnimationFrame(update); }; requestAnimationFrame(update);;\n<\/script>\t\t<\/div>\n\t\t\t\t<\/div>\n\t\t\t\t\t<\/div>\n\t\t<\/div>\n\t\t\t\t\t<\/div>\n\t\t<\/section>\n\t\t\t\t<section class=\"elementor-section elementor-top-section elementor-element elementor-element-0d15475 elementor-section-full_width qodef-elementor-content-grid elementor-section-height-default elementor-section-height-default elementor-invisible\" data-id=\"0d15475\" data-element_type=\"section\" id=\"services\" data-settings=\"{&quot;background_background&quot;:&quot;classic&quot;,&quot;animation&quot;:&quot;fadeIn&quot;}\">\n\t\t\t\t\t\t<div class=\"elementor-container elementor-column-gap-default\">\n\t\t\t\t\t<div class=\"elementor-column elementor-col-50 elementor-top-column elementor-element elementor-element-5210417\" data-id=\"5210417\" data-element_type=\"column\" data-settings=\"{&quot;background_background&quot;:&quot;classic&quot;}\">\n\t\t\t<div class=\"elementor-widget-wrap elementor-element-populated\">\n\t\t\t\t\t\t<div class=\"elementor-element elementor-element-ad859e3 e-transform elementor-widget elementor-widget-image\" data-id=\"ad859e3\" data-element_type=\"widget\" data-settings=\"{&quot;_transform_flipX_effect&quot;:&quot;transform&quot;}\" data-widget_type=\"image.default\">\n\t\t\t\t<div class=\"elementor-widget-container\">\n\t\t\t<style>\/*! elementor - v3.20.0 - 10-04-2024 *\/\n.elementor-widget-image{text-align:center}.elementor-widget-image a{display:inline-block}.elementor-widget-image a img[src$=\".svg\"]{width:48px}.elementor-widget-image img{vertical-align:middle;display:inline-block}<\/style>\t\t\t\t\t\t\t\t\t\t<img fetchpriority=\"high\" decoding=\"async\" width=\"1024\" height=\"683\" src=\"https:\/\/archerit.is\/wp-content\/uploads\/2023\/07\/ARCHER_Sieci.inteligentne.2-1-1024x683.jpg\" class=\"attachment-large size-large wp-image-2283\" alt=\"\" srcset=\"https:\/\/archerit.is\/wp-content\/uploads\/2023\/07\/ARCHER_Sieci.inteligentne.2-1-1024x683.jpg 1024w, https:\/\/archerit.is\/wp-content\/uploads\/2023\/07\/ARCHER_Sieci.inteligentne.2-1-300x200.jpg 300w, https:\/\/archerit.is\/wp-content\/uploads\/2023\/07\/ARCHER_Sieci.inteligentne.2-1-768x512.jpg 768w, https:\/\/archerit.is\/wp-content\/uploads\/2023\/07\/ARCHER_Sieci.inteligentne.2-1.jpg 1200w\" sizes=\"(max-width: 1024px) 100vw, 1024px\" \/>\t\t\t\t\t\t\t\t\t\t\t\t\t<\/div>\n\t\t\t\t<\/div>\n\t\t\t\t\t<\/div>\n\t\t<\/div>\n\t\t\t\t<div class=\"elementor-column elementor-col-50 elementor-top-column elementor-element elementor-element-20a79c1\" data-id=\"20a79c1\" data-element_type=\"column\" data-settings=\"{&quot;background_background&quot;:&quot;classic&quot;}\">\n\t\t\t<div class=\"elementor-widget-wrap elementor-element-populated\">\n\t\t\t\t\t\t<div class=\"elementor-element elementor-element-8c143ea elementor-widget elementor-widget-text-editor\" data-id=\"8c143ea\" data-element_type=\"widget\" data-widget_type=\"text-editor.default\">\n\t\t\t\t<div class=\"elementor-widget-container\">\n\t\t\t<style>\/*! elementor - v3.20.0 - 10-04-2024 *\/\n.elementor-widget-text-editor.elementor-drop-cap-view-stacked .elementor-drop-cap{background-color:#69727d;color:#fff}.elementor-widget-text-editor.elementor-drop-cap-view-framed .elementor-drop-cap{color:#69727d;border:3px solid;background-color:transparent}.elementor-widget-text-editor:not(.elementor-drop-cap-view-default) .elementor-drop-cap{margin-top:8px}.elementor-widget-text-editor:not(.elementor-drop-cap-view-default) .elementor-drop-cap-letter{width:1em;height:1em}.elementor-widget-text-editor .elementor-drop-cap{float:left;text-align:center;line-height:1;font-size:50px}.elementor-widget-text-editor .elementor-drop-cap-letter{display:inline-block}<\/style>\t\t\t\t<p class=\"p1\" style=\"text-align: center;\"><span class=\"s1\"><b>Cyfryzacja<\/b> jest <b>motorem rozwoju<\/b>. Jednak pod\u0142\u0105czanie do infrastruktury kolejnych urz\u0105dze\u0144 sprawia, \u017ce <b>zaplecze teleinformatyczne<\/b> staje si\u0119 coraz bardziej skomplikowane i trudniejsze w zarz\u0105dzaniu.<\/span><\/p>\t\t\t\t\t\t<\/div>\n\t\t\t\t<\/div>\n\t\t\t\t\t<\/div>\n\t\t<\/div>\n\t\t\t\t\t<\/div>\n\t\t<\/section>\n\t\t\t\t<section class=\"elementor-section elementor-top-section elementor-element elementor-element-ef0a057 elementor-section-full_width qodef-elementor-content-grid elementor-section-height-default elementor-section-height-default\" data-id=\"ef0a057\" data-element_type=\"section\" data-settings=\"{&quot;background_background&quot;:&quot;classic&quot;}\">\n\t\t\t\t\t\t<div class=\"elementor-container elementor-column-gap-default\">\n\t\t\t\t\t<div class=\"elementor-column elementor-col-50 elementor-top-column elementor-element elementor-element-f4ff65c\" data-id=\"f4ff65c\" data-element_type=\"column\" data-settings=\"{&quot;background_background&quot;:&quot;classic&quot;}\">\n\t\t\t<div class=\"elementor-widget-wrap elementor-element-populated\">\n\t\t\t\t\t\t<div class=\"elementor-element elementor-element-624194f elementor-invisible elementor-widget elementor-widget-heading\" data-id=\"624194f\" data-element_type=\"widget\" data-settings=\"{&quot;_animation&quot;:&quot;fadeInLeft&quot;}\" data-widget_type=\"heading.default\">\n\t\t\t\t<div class=\"elementor-widget-container\">\n\t\t\t<style>\/*! elementor - v3.20.0 - 10-04-2024 *\/\n.elementor-heading-title{padding:0;margin:0;line-height:1}.elementor-widget-heading .elementor-heading-title[class*=elementor-size-]>a{color:inherit;font-size:inherit;line-height:inherit}.elementor-widget-heading .elementor-heading-title.elementor-size-small{font-size:15px}.elementor-widget-heading .elementor-heading-title.elementor-size-medium{font-size:19px}.elementor-widget-heading .elementor-heading-title.elementor-size-large{font-size:29px}.elementor-widget-heading .elementor-heading-title.elementor-size-xl{font-size:39px}.elementor-widget-heading .elementor-heading-title.elementor-size-xxl{font-size:59px}<\/style><h2 class=\"elementor-heading-title elementor-size-default\">Je\u015bli Pa\u0144stwa organizacja do\u015bwiadcza tego typu trudno\u015bci, pomo\u017cemy si\u0119 z nimi upora\u0107.<\/h2>\t\t<\/div>\n\t\t\t\t<\/div>\n\t\t\t\t<div class=\"elementor-element elementor-element-654e87f elementor-invisible elementor-widget elementor-widget-heading\" data-id=\"654e87f\" data-element_type=\"widget\" data-settings=\"{&quot;_animation&quot;:&quot;fadeInLeft&quot;}\" data-widget_type=\"heading.default\">\n\t\t\t\t<div class=\"elementor-widget-container\">\n\t\t\t<h2 class=\"elementor-heading-title elementor-size-default\">W jaki spos\u00f3b?<\/h2>\t\t<\/div>\n\t\t\t\t<\/div>\n\t\t\t\t\t<\/div>\n\t\t<\/div>\n\t\t\t\t<div class=\"elementor-column elementor-col-50 elementor-top-column elementor-element elementor-element-5c1ccd9\" data-id=\"5c1ccd9\" data-element_type=\"column\" data-settings=\"{&quot;background_background&quot;:&quot;classic&quot;}\">\n\t\t\t<div class=\"elementor-widget-wrap elementor-element-populated\">\n\t\t\t\t<div class=\"elementor-element elementor-element-0f12066 e-flex e-con-boxed qodef-elementor-content-no e-con e-parent\" data-id=\"0f12066\" data-element_type=\"container\" data-core-v316-plus=\"true\">\n\t\t\t\t\t<div class=\"e-con-inner\">\n\t\t\t\t<div class=\"elementor-element elementor-element-89d749b elementor-widget__width-initial elementor-widget-tablet__width-inherit elementor-invisible elementor-widget elementor-widget-qi_addons_for_elementor_icon_with_text\" data-id=\"89d749b\" data-element_type=\"widget\" data-settings=\"{&quot;_animation&quot;:&quot;fadeInRight&quot;}\" data-widget_type=\"qi_addons_for_elementor_icon_with_text.default\">\n\t\t\t\t<div class=\"elementor-widget-container\">\n\t\t\t<div class=\"qodef-shortcode qodef-m  qodef-qi-icon-with-text qodef-layout--before-content    qodef--icon-pack qodef-column-responsive--never\" >\n\t\t\t<div class=\"qodef-m-icon-wrapper\">\n\t\t\t\t<div class=\"qodef-m-icon-holder\">\n\t\t<i aria-hidden=\"true\" class=\"fas fa-circle\"><\/i>\t<\/div>\n\t\t<\/div>\n\t\t<div class=\"qodef-m-content\">\n\t\t\t\t\t\t\t<div class=\"qodef-m-text\"><p class=\"p1\"><span class=\"s1\">Nasi wysoko wykwalifikowani eksperci potrafi\u0105 tak <b>zaprojektowa\u0107 i skonfigurowa\u0107 infrastruktur\u0119 IT<\/b>, by by\u0142a <b>bardziej intencyjna i intuicyjna w zarz\u0105dzaniu<\/b>. Stanie si\u0119 te\u017c bardziej zautomatyzowana i gotowa na obecne oraz przysz\u0142e wyzwania w Pa\u0144stwa instytucji.<\/span><\/p><p class=\"p1\"><span class=\"s1\">Dzi\u0119ki temu b\u0119dzie ta\u0144sza w utrzymaniu. Jej obs\u0142uga b\u0119dzie wymaga\u0107 <b>mniejszych zasob\u00f3w kadrowych<\/b>. A do tego b\u0119dzie mo\u017cna rozbudowa\u0107 j\u0105 bez konieczno\u015bci zwi\u0119kszania zatrudnienia.<\/span><\/p><\/div>\n\t\t\t<\/div>\n<\/div>\n\t\t<\/div>\n\t\t\t\t<\/div>\n\t\t\t\t<div class=\"elementor-element elementor-element-505d6ba elementor-widget__width-initial elementor-widget-tablet__width-inherit elementor-invisible elementor-widget elementor-widget-qi_addons_for_elementor_icon_with_text\" data-id=\"505d6ba\" data-element_type=\"widget\" data-settings=\"{&quot;_animation&quot;:&quot;fadeInRight&quot;}\" data-widget_type=\"qi_addons_for_elementor_icon_with_text.default\">\n\t\t\t\t<div class=\"elementor-widget-container\">\n\t\t\t<div class=\"qodef-shortcode qodef-m  qodef-qi-icon-with-text qodef-layout--before-content    qodef--icon-pack qodef-column-responsive--never\" >\n\t\t\t<div class=\"qodef-m-icon-wrapper\">\n\t\t\t\t<div class=\"qodef-m-icon-holder\">\n\t\t<i aria-hidden=\"true\" class=\"fas fa-circle\"><\/i>\t<\/div>\n\t\t<\/div>\n\t\t<div class=\"qodef-m-content\">\n\t\t\t\t\t\t\t<div class=\"qodef-m-text\"><p class=\"p1\"><span class=\"s1\"><b>Usprawnimy Pa\u0144stwa sie\u0107<\/b>, zwi\u0119kszaj\u0105c przy tym jej poziom bezpiecze\u0144stwa. Pa\u0144stwa dzia\u0142y IT b\u0119d\u0105 mog\u0142y dzia\u0142a\u0107 efektywnie mimo wi\u0119kszej liczby urz\u0105dze\u0144.<\/span><\/p><p class=\"p1\"><span class=\"s1\">To nie tylko <b>zwi\u0119kszy produktywno\u015b\u0107 Pa\u0144stwa firmy<\/b>, ale r\u00f3wnie\u017c prze\u0142o\u017cy si\u0119 na <b>oszcz\u0119dno\u015bci<\/b>: czasowe i finansowe.<\/span><\/p><\/div>\n\t\t\t<\/div>\n<\/div>\n\t\t<\/div>\n\t\t\t\t<\/div>\n\t\t\t\t\t<\/div>\n\t\t\t\t<\/div>\n\t\t\t\t\t<\/div>\n\t\t<\/div>\n\t\t\t\t\t<\/div>\n\t\t<\/section>\n\t\t\t\t<section class=\"elementor-section elementor-top-section elementor-element elementor-element-9287acc elementor-section-full_width elementor-section-content-middle qodef-elementor-content-grid elementor-section-height-default elementor-section-height-default\" data-id=\"9287acc\" data-element_type=\"section\" data-settings=\"{&quot;background_background&quot;:&quot;classic&quot;}\">\n\t\t\t\t\t\t\t<div class=\"elementor-background-overlay\"><\/div>\n\t\t\t\t\t\t\t<div class=\"elementor-container elementor-column-gap-default\">\n\t\t\t\t\t<div class=\"elementor-column elementor-col-100 elementor-top-column elementor-element elementor-element-c32b8c3 elementor-invisible\" data-id=\"c32b8c3\" data-element_type=\"column\" data-settings=\"{&quot;animation&quot;:&quot;zoomIn&quot;}\">\n\t\t\t<div class=\"elementor-widget-wrap elementor-element-populated\">\n\t\t\t\t\t\t<div class=\"elementor-element elementor-element-9686b6f elementor-widget__width-initial elementor-widget elementor-widget-heading\" data-id=\"9686b6f\" data-element_type=\"widget\" data-widget_type=\"heading.default\">\n\t\t\t\t<div class=\"elementor-widget-container\">\n\t\t\t<h3 class=\"elementor-heading-title elementor-size-default\">Ale to nie koniec obszar\u00f3w, w kt\u00f3rych jeste\u015bmy w stanie Pa\u0144stwu pom\u00f3c, tworz\u0105c inteligentn\u0105 sie\u0107.<\/h3>\t\t<\/div>\n\t\t\t\t<\/div>\n\t\t\t\t<div class=\"elementor-element elementor-element-7747308 elementor-widget-divider--view-line elementor-widget elementor-widget-divider\" data-id=\"7747308\" data-element_type=\"widget\" data-widget_type=\"divider.default\">\n\t\t\t\t<div class=\"elementor-widget-container\">\n\t\t\t<style>\/*! elementor - v3.20.0 - 10-04-2024 *\/\n.elementor-widget-divider{--divider-border-style:none;--divider-border-width:1px;--divider-color:#0c0d0e;--divider-icon-size:20px;--divider-element-spacing:10px;--divider-pattern-height:24px;--divider-pattern-size:20px;--divider-pattern-url:none;--divider-pattern-repeat:repeat-x}.elementor-widget-divider .elementor-divider{display:flex}.elementor-widget-divider .elementor-divider__text{font-size:15px;line-height:1;max-width:95%}.elementor-widget-divider .elementor-divider__element{margin:0 var(--divider-element-spacing);flex-shrink:0}.elementor-widget-divider .elementor-icon{font-size:var(--divider-icon-size)}.elementor-widget-divider .elementor-divider-separator{display:flex;margin:0;direction:ltr}.elementor-widget-divider--view-line_icon .elementor-divider-separator,.elementor-widget-divider--view-line_text .elementor-divider-separator{align-items:center}.elementor-widget-divider--view-line_icon .elementor-divider-separator:after,.elementor-widget-divider--view-line_icon .elementor-divider-separator:before,.elementor-widget-divider--view-line_text .elementor-divider-separator:after,.elementor-widget-divider--view-line_text .elementor-divider-separator:before{display:block;content:\"\";border-block-end:0;flex-grow:1;border-block-start:var(--divider-border-width) var(--divider-border-style) var(--divider-color)}.elementor-widget-divider--element-align-left .elementor-divider .elementor-divider-separator>.elementor-divider__svg:first-of-type{flex-grow:0;flex-shrink:100}.elementor-widget-divider--element-align-left .elementor-divider-separator:before{content:none}.elementor-widget-divider--element-align-left .elementor-divider__element{margin-left:0}.elementor-widget-divider--element-align-right .elementor-divider .elementor-divider-separator>.elementor-divider__svg:last-of-type{flex-grow:0;flex-shrink:100}.elementor-widget-divider--element-align-right .elementor-divider-separator:after{content:none}.elementor-widget-divider--element-align-right .elementor-divider__element{margin-right:0}.elementor-widget-divider--element-align-start .elementor-divider .elementor-divider-separator>.elementor-divider__svg:first-of-type{flex-grow:0;flex-shrink:100}.elementor-widget-divider--element-align-start .elementor-divider-separator:before{content:none}.elementor-widget-divider--element-align-start .elementor-divider__element{margin-inline-start:0}.elementor-widget-divider--element-align-end .elementor-divider .elementor-divider-separator>.elementor-divider__svg:last-of-type{flex-grow:0;flex-shrink:100}.elementor-widget-divider--element-align-end .elementor-divider-separator:after{content:none}.elementor-widget-divider--element-align-end .elementor-divider__element{margin-inline-end:0}.elementor-widget-divider:not(.elementor-widget-divider--view-line_text):not(.elementor-widget-divider--view-line_icon) .elementor-divider-separator{border-block-start:var(--divider-border-width) var(--divider-border-style) var(--divider-color)}.elementor-widget-divider--separator-type-pattern{--divider-border-style:none}.elementor-widget-divider--separator-type-pattern.elementor-widget-divider--view-line .elementor-divider-separator,.elementor-widget-divider--separator-type-pattern:not(.elementor-widget-divider--view-line) .elementor-divider-separator:after,.elementor-widget-divider--separator-type-pattern:not(.elementor-widget-divider--view-line) .elementor-divider-separator:before,.elementor-widget-divider--separator-type-pattern:not([class*=elementor-widget-divider--view]) .elementor-divider-separator{width:100%;min-height:var(--divider-pattern-height);-webkit-mask-size:var(--divider-pattern-size) 100%;mask-size:var(--divider-pattern-size) 100%;-webkit-mask-repeat:var(--divider-pattern-repeat);mask-repeat:var(--divider-pattern-repeat);background-color:var(--divider-color);-webkit-mask-image:var(--divider-pattern-url);mask-image:var(--divider-pattern-url)}.elementor-widget-divider--no-spacing{--divider-pattern-size:auto}.elementor-widget-divider--bg-round{--divider-pattern-repeat:round}.rtl .elementor-widget-divider .elementor-divider__text{direction:rtl}.e-con-inner>.elementor-widget-divider,.e-con>.elementor-widget-divider{width:var(--container-widget-width,100%);--flex-grow:var(--container-widget-flex-grow)}<\/style>\t\t<div class=\"elementor-divider\">\n\t\t\t<span class=\"elementor-divider-separator\">\n\t\t\t\t\t\t<\/span>\n\t\t<\/div>\n\t\t\t\t<\/div>\n\t\t\t\t<\/div>\n\t\t\t\t<div class=\"elementor-element elementor-element-433aff6 elementor-widget elementor-widget-text-editor\" data-id=\"433aff6\" data-element_type=\"widget\" data-widget_type=\"text-editor.default\">\n\t\t\t\t<div class=\"elementor-widget-container\">\n\t\t\t\t\t\t\t<p class=\"p1\"><span class=\"s1\">Je\u015bli Pa\u0144stwa instytucja sk\u0142ada si\u0119 z wielu rozproszonych terytorialnie oddzia\u0142\u00f3w, <b>bezpiecznie pod\u0142\u0105czymy<\/b> je do jednej inteligentnej oraz prostej w utrzymaniu i zarz\u0105dzaniu sieci rozleg\u0142ej. Zachowuj\u0105c <b>po\u017c\u0105dan\u0105 wydajno\u015b\u0107<\/b>, a przede wszystkim bezpiecze\u0144stwo, zapewnimy wszystkim Pa\u0144stwa pracownikom dost\u0119p do zasob\u00f3w z ka\u017cdego miejsca na \u015bwiecie.<\/span><\/p>\t\t\t\t\t\t<\/div>\n\t\t\t\t<\/div>\n\t\t<div class=\"elementor-element elementor-element-ed3ccd9 e-con-full e-flex qodef-elementor-content-no e-con e-parent\" data-id=\"ed3ccd9\" data-element_type=\"container\" data-core-v316-plus=\"true\">\n\t\t\t\t<div class=\"elementor-element elementor-element-e552b5a elementor-widget__width-initial elementor-widget-tablet__width-initial elementor-widget elementor-widget-heading\" data-id=\"e552b5a\" data-element_type=\"widget\" data-widget_type=\"heading.default\">\n\t\t\t\t<div class=\"elementor-widget-container\">\n\t\t\t<h4 class=\"elementor-heading-title elementor-size-default\">Korzy\u015b\u0107?<\/h4>\t\t<\/div>\n\t\t\t\t<\/div>\n\t\t\t\t<div class=\"elementor-element elementor-element-47f11a3 elementor-widget elementor-widget-text-editor\" data-id=\"47f11a3\" data-element_type=\"widget\" data-widget_type=\"text-editor.default\">\n\t\t\t\t<div class=\"elementor-widget-container\">\n\t\t\t\t\t\t\t<p class=\"p1\" style=\"text-align: left;\"><span class=\"s1\">Nawet mocno rozproszona i wielooddzia\u0142owa organizacja b\u0119dzie zarz\u0105dzana sprawnie przez pojedyncze osoby.<\/span><\/p>\t\t\t\t\t\t<\/div>\n\t\t\t\t<\/div>\n\t\t\t\t<\/div>\n\t\t\t\t\t<\/div>\n\t\t<\/div>\n\t\t\t\t\t<\/div>\n\t\t<\/section>\n\t\t\t\t<\/div>\n\t\t","protected":false},"excerpt":{"rendered":"<p>Inteligenta sie\u0107 to wi\u0119ksza wydajno\u015b\u0107 Pa\u0144stwa firmy i mniejsze koszty Cyfryzacja jest motorem rozwoju. Jednak pod\u0142\u0105czanie do infrastruktury kolejnych urz\u0105dze\u0144 sprawia, \u017ce zaplecze teleinformatyczne staje si\u0119 coraz bardziej skomplikowane i trudniejsze w zarz\u0105dzaniu. Je\u015bli Pa\u0144stwa organizacja do\u015bwiadcza tego typu trudno\u015bci, pomo\u017cemy si\u0119 z nimi upora\u0107. W jaki spos\u00f3b? Nasi wysoko wykwalifikowani eksperci potrafi\u0105 tak zaprojektowa\u0107 [&hellip;]<\/p>\n","protected":false},"author":1,"featured_media":0,"parent":0,"menu_order":0,"comment_status":"closed","ping_status":"closed","template":"qi-full-width.php","meta":{"content-type":"","footnotes":""},"_links":{"self":[{"href":"https:\/\/archerit.is\/pl\/wp-json\/wp\/v2\/pages\/2276"}],"collection":[{"href":"https:\/\/archerit.is\/pl\/wp-json\/wp\/v2\/pages"}],"about":[{"href":"https:\/\/archerit.is\/pl\/wp-json\/wp\/v2\/types\/page"}],"author":[{"embeddable":true,"href":"https:\/\/archerit.is\/pl\/wp-json\/wp\/v2\/users\/1"}],"replies":[{"embeddable":true,"href":"https:\/\/archerit.is\/pl\/wp-json\/wp\/v2\/comments?post=2276"}],"version-history":[{"count":49,"href":"https:\/\/archerit.is\/pl\/wp-json\/wp\/v2\/pages\/2276\/revisions"}],"predecessor-version":[{"id":2849,"href":"https:\/\/archerit.is\/pl\/wp-json\/wp\/v2\/pages\/2276\/revisions\/2849"}],"wp:attachment":[{"href":"https:\/\/archerit.is\/pl\/wp-json\/wp\/v2\/media?parent=2276"}],"curies":[{"name":"wp","href":"https:\/\/api.w.org\/{rel}","templated":true}]}}