{"id":2373,"date":"2023-08-07T10:12:42","date_gmt":"2023-08-07T10:12:42","guid":{"rendered":"https:\/\/archerit.is\/kariera-copy\/"},"modified":"2023-08-10T17:55:20","modified_gmt":"2023-08-10T17:55:20","slug":"aktualnosci","status":"publish","type":"page","link":"https:\/\/archerit.is\/pl\/aktualnosci\/","title":{"rendered":"Aktualno\u015bci"},"content":{"rendered":"\t\t<div data-elementor-type=\"wp-page\" data-elementor-id=\"2373\" class=\"elementor elementor-2373\" data-elementor-post-type=\"page\">\n\t\t\t\t\t\t<section class=\"elementor-section elementor-top-section elementor-element elementor-element-e7cd505 elementor-section-full_width elementor-section-height-min-height qodef-elementor-content-grid elementor-section-height-default elementor-section-items-middle\" data-id=\"e7cd505\" data-element_type=\"section\" data-settings=\"{&quot;background_background&quot;:&quot;classic&quot;}\">\n\t\t\t\t\t\t\t<div class=\"elementor-background-overlay\"><\/div>\n\t\t\t\t\t\t\t<div class=\"elementor-container elementor-column-gap-default\">\n\t\t\t\t\t<div class=\"elementor-column elementor-col-100 elementor-top-column elementor-element elementor-element-8343fc0\" data-id=\"8343fc0\" data-element_type=\"column\">\n\t\t\t<div class=\"elementor-widget-wrap elementor-element-populated\">\n\t\t\t\t\t\t<div class=\"elementor-element elementor-element-b2265da elementor-widget__width-initial elementor-widget-tablet__width-initial elementor-invisible elementor-widget elementor-widget-qi_addons_for_elementor_section_title\" data-id=\"b2265da\" data-element_type=\"widget\" data-settings=\"{&quot;_animation&quot;:&quot;fadeInUp&quot;}\" data-widget_type=\"qi_addons_for_elementor_section_title.default\">\n\t\t\t\t<div class=\"elementor-widget-container\">\n\t\t\t<div class=\"qodef-shortcode qodef-m  qodef-qi-section-title  qodef-decoration--italic  qodef-link--underline-draw qodef-subtitle-icon--left\">\n\t\t\t\t\t\t<h1 class=\"qodef-m-title\">\n\t\tAktualno\u015bci\t<\/h1>\n\t\t\t<div class=\"qodef-m-text\"><p class=\"p1\">Tutaj znajdziecie Pa\u0144stwo naj\u015bwie\u017csze informacje na temat naszej firmy.<\/p><\/div>\n\t<\/div>\n\t\t<\/div>\n\t\t\t\t<\/div>\n\t\t\t\t<div class=\"elementor-element elementor-element-dc6f32b elementor-widget elementor-widget-html\" data-id=\"dc6f32b\" data-element_type=\"widget\" data-widget_type=\"html.default\">\n\t\t\t\t<div class=\"elementor-widget-container\">\n\t\t\t<style>\n.particles-js-canvas-el {\n    width: 100%;\n    height: 100%;\n    position: absolute;\n    z-index: 10;\n    top: 0;\n    left:0;\n}\n<\/style>\n<script src=\"https:\/\/cdn.jsdelivr.net\/particles.js\/2.0.0\/particles.min.js\"><\/script> \n<script>\nparticlesJS(\"particles-js\", {\"particles\":{\"number\":{\"value\":384,\"density\":{\"enable\":true,\"value_area\":2288.528160733591}},\"color\":{\"value\":\"#ffffff\"},\"shape\":{\"type\":\"circle\",\"stroke\":{\"width\":0,\"color\":\"#000000\"},\"polygon\":{\"nb_sides\":5},\"image\":{\"src\":\"img\/github.svg\",\"width\":100,\"height\":100}},\"opacity\":{\"value\":0.5,\"random\":false,\"anim\":{\"enable\":false,\"speed\":1,\"opacity_min\":0.1,\"sync\":false}},\"size\":{\"value\":5,\"random\":true,\"anim\":{\"enable\":false,\"speed\":40,\"size_min\":0.1,\"sync\":false}},\"line_linked\":{\"enable\":true,\"distance\":157.82952832645452,\"color\":\"#ffffff\",\"opacity\":0.16572100474277726,\"width\":2.367442924896818},\"move\":{\"enable\":true,\"speed\":1,\"direction\":\"none\",\"random\":true,\"straight\":false,\"out_mode\":\"out\",\"bounce\":false,\"attract\":{\"enable\":false,\"rotateX\":600,\"rotateY\":1200}}},\"interactivity\":{\"detect_on\":\"canvas\",\"events\":{\"onhover\":{\"enable\":true,\"mode\":\"grab\"},\"onclick\":{\"enable\":true,\"mode\":\"push\"},\"resize\":true},\"modes\":{\"grab\":{\"distance\":267.9854800594439,\"line_linked\":{\"opacity\":1}},\"bubble\":{\"distance\":400,\"size\":40,\"duration\":2,\"opacity\":8,\"speed\":3},\"repulse\":{\"distance\":200,\"duration\":0.4},\"push\":{\"particles_nb\":4},\"remove\":{\"particles_nb\":2}}},\"retina_detect\":true});var count_particles, stats, update; stats = new Stats; stats.setMode(0); stats.domElement.style.position = 'absolute'; stats.domElement.style.left = '0px'; stats.domElement.style.top = '0px'; document.body.appendChild(stats.domElement); count_particles = document.querySelector('.js-count-particles'); update = function() { stats.begin(); stats.end(); if (window.pJSDom[0].pJS.particles && window.pJSDom[0].pJS.particles.array) { count_particles.innerText = window.pJSDom[0].pJS.particles.array.length; } requestAnimationFrame(update); }; requestAnimationFrame(update);;\n<\/script>\t\t<\/div>\n\t\t\t\t<\/div>\n\t\t\t\t\t<\/div>\n\t\t<\/div>\n\t\t\t\t\t<\/div>\n\t\t<\/section>\n\t\t\t\t<section class=\"elementor-section elementor-top-section elementor-element elementor-element-0d15475 elementor-section-full_width qodef-elementor-content-grid elementor-section-height-default elementor-section-height-default\" data-id=\"0d15475\" data-element_type=\"section\" id=\"services\" data-settings=\"{&quot;background_background&quot;:&quot;classic&quot;}\">\n\t\t\t\t\t\t<div class=\"elementor-container elementor-column-gap-default\">\n\t\t\t\t\t<div class=\"elementor-column elementor-col-100 elementor-top-column elementor-element elementor-element-5210417\" data-id=\"5210417\" data-element_type=\"column\" data-settings=\"{&quot;background_background&quot;:&quot;classic&quot;}\">\n\t\t\t<div class=\"elementor-widget-wrap elementor-element-populated\">\n\t\t\t\t\t\t<div class=\"elementor-element elementor-element-278a750 elementor-invisible elementor-widget elementor-widget-qi_addons_for_elementor_blog_list\" data-id=\"278a750\" data-element_type=\"widget\" data-settings=\"{&quot;_animation&quot;:&quot;fadeIn&quot;}\" data-widget_type=\"qi_addons_for_elementor_blog_list.default\">\n\t\t\t\t<div class=\"elementor-widget-container\">\n\t\t\t<div class=\"qodef-shortcode qodef-m  qodef-addons-blog-list qodef-info-no-icons  qodef-image--hover-zoom   qodef-qi-grid qodef-layout--qi-columns  qodef-col-num--3  qodef-item-layout--boxed qodef-responsive--predefined\" >\n\t<div class=\"qodef-grid-inner\">\n\t\t<article class=\"qodef-e qodef-blog-item qodef-grid-item qodef-item--square post-2944 post type-post status-publish format-standard has-post-thumbnail hentry category-aktualnosci tag-cisco tag-konferencja\">\n\t<div class=\"qodef-e-inner\">\n\t\t<div class=\"qodef-e-media-holder\">\n\t\t\t<div class=\"qodef-e-media\">\n\t\t<div class=\"qodef-e-media-image\">\n\t\t<a itemprop=\"url\" href=\"https:\/\/archerit.is\/pl\/northern-guard-meraki-and-security-with-also\/\">\n\t\t\t<img fetchpriority=\"high\" decoding=\"async\" width=\"650\" height=\"650\" src=\"https:\/\/archerit.is\/wp-content\/uploads\/2024\/05\/londyn-strona-www1-650x650.png\" class=\"attachment-qi_addons_for_elementor_image_size_square size-qi_addons_for_elementor_image_size_square\" alt=\"konferencja cisco dla partner\u00f3w\" srcset=\"https:\/\/archerit.is\/wp-content\/uploads\/2024\/05\/londyn-strona-www1-650x650.png 650w, https:\/\/archerit.is\/wp-content\/uploads\/2024\/05\/londyn-strona-www1-300x300.png 300w, https:\/\/archerit.is\/wp-content\/uploads\/2024\/05\/londyn-strona-www1-1024x1024.png 1024w, https:\/\/archerit.is\/wp-content\/uploads\/2024\/05\/londyn-strona-www1-150x150.png 150w, https:\/\/archerit.is\/wp-content\/uploads\/2024\/05\/londyn-strona-www1-768x768.png 768w, https:\/\/archerit.is\/wp-content\/uploads\/2024\/05\/londyn-strona-www1.png 1080w\" sizes=\"(max-width: 650px) 100vw, 650px\" \/>\t\t<\/a>\n\t\t\t<\/div>\n<\/div>\n<div itemprop=\"dateCreated\" class=\"qodef-e-info-item qodef-e-info-date entry-date \">\n\t<a itemprop=\"url\" href=\"https:\/\/archerit.is\/pl\/2024\/05\/\">\n\t\t16 maj\t<\/a>\n<\/div>\n\t\t<\/div>\n\t\t<div class=\"qodef-e-content\">\n\t\t\t\t\t\t\t<div class=\"qodef-e-info qodef-info--top\">\n\t\t\t\t\t\t\t\t\t<\/div>\n\t\t\t\t\t\t<div class=\"qodef-e-text\">\n\t\t\t\t<h5 itemprop=\"name\" class=\"qodef-e-title entry-title\">\n\t<a itemprop=\"url\" class=\"qodef-e-title-link\" href=\"https:\/\/archerit.is\/pl\/northern-guard-meraki-and-security-with-also\/\">\n\t\tNorthern Guard &#8211; Meraki and Security with Also\t<\/a>\n<\/h5>\n\t\t<p itemprop=\"description\" class=\"qodef-e-excerpt\">\n\t\t\t14-15 maja w Londynie spotkali si\u0119 najbardziej obiecuj\u0105cy partnerzy Cisco. Tomasz Kawa i Grzegorz Sobczak wzi\u0119li udzia\u0142 w w konferencji \u201eNorthern Guard &#8211; Meraki and Sec\t\t<\/p>\n\t\t\t\t<\/div>\n\t\t\t\t\t\t\t<div class=\"qodef-e-info qodef-info--bottom\">\n\t\t\t\t\t\t<div class=\"qodef-e-read-more\">\n\t\t<a class=\"qodef-shortcode qodef-m  qodef-qi-button qodef-html--link qodef-layout--outlined qodef-type--standard qodef-size--small  qodef-icon--right qodef-hover--icon-move-horizontal-short     \" href=\"https:\/\/archerit.is\/pl\/northern-guard-meraki-and-security-with-also\/\" target=\"_self\">\t<span class=\"qodef-m-text\">Wi\u0119cej<\/span>\t<\/a>\t<\/div>\n\t\t\t\t<\/div>\n\t\t\t\t\t<\/div>\n\t<\/div>\n<\/article>\n<article class=\"qodef-e qodef-blog-item qodef-grid-item qodef-item--square post-2936 post type-post status-publish format-standard has-post-thumbnail hentry category-aktualnosci tag-cisco tag-lublin tag-wspolpraca\">\n\t<div class=\"qodef-e-inner\">\n\t\t<div class=\"qodef-e-media-holder\">\n\t\t\t<div class=\"qodef-e-media\">\n\t\t<div class=\"qodef-e-media-image\">\n\t\t<a itemprop=\"url\" href=\"https:\/\/archerit.is\/pl\/trwa-realizacja-projektu-cisco-dla-szkol\/\">\n\t\t\t<img decoding=\"async\" width=\"650\" height=\"650\" src=\"https:\/\/archerit.is\/wp-content\/uploads\/2024\/05\/cisco-dla-szkol-strona-www-650x650.png\" class=\"attachment-qi_addons_for_elementor_image_size_square size-qi_addons_for_elementor_image_size_square\" alt=\"\" srcset=\"https:\/\/archerit.is\/wp-content\/uploads\/2024\/05\/cisco-dla-szkol-strona-www-650x650.png 650w, https:\/\/archerit.is\/wp-content\/uploads\/2024\/05\/cisco-dla-szkol-strona-www-300x300.png 300w, https:\/\/archerit.is\/wp-content\/uploads\/2024\/05\/cisco-dla-szkol-strona-www-1024x1024.png 1024w, https:\/\/archerit.is\/wp-content\/uploads\/2024\/05\/cisco-dla-szkol-strona-www-150x150.png 150w, https:\/\/archerit.is\/wp-content\/uploads\/2024\/05\/cisco-dla-szkol-strona-www-768x768.png 768w, https:\/\/archerit.is\/wp-content\/uploads\/2024\/05\/cisco-dla-szkol-strona-www.png 1080w\" sizes=\"(max-width: 650px) 100vw, 650px\" \/>\t\t<\/a>\n\t\t\t<\/div>\n<\/div>\n<div itemprop=\"dateCreated\" class=\"qodef-e-info-item qodef-e-info-date entry-date \">\n\t<a itemprop=\"url\" href=\"https:\/\/archerit.is\/pl\/2024\/05\/\">\n\t\t15 maj\t<\/a>\n<\/div>\n\t\t<\/div>\n\t\t<div class=\"qodef-e-content\">\n\t\t\t\t\t\t\t<div class=\"qodef-e-info qodef-info--top\">\n\t\t\t\t\t\t\t\t\t<\/div>\n\t\t\t\t\t\t<div class=\"qodef-e-text\">\n\t\t\t\t<h5 itemprop=\"name\" class=\"qodef-e-title entry-title\">\n\t<a itemprop=\"url\" class=\"qodef-e-title-link\" href=\"https:\/\/archerit.is\/pl\/trwa-realizacja-projektu-cisco-dla-szkol\/\">\n\t\tTrwa realizacja projektu &#8222;Cisco dla szk\u00f3\u0142&#8221;\t<\/a>\n<\/h5>\n\t\t<p itemprop=\"description\" class=\"qodef-e-excerpt\">\n\t\t\tWe wsp\u00f3\u0142pracy z firm\u0105 CISCO zapewniamy lubelskim szko\u0142om \u015brednim wsparcie w zakresie nowych rozwi\u0105za\u0144 sieciowych oraz cyberbezpiecze\u0144stwa. W ramach porozumienia pomi\u0119dzy C\t\t<\/p>\n\t\t\t\t<\/div>\n\t\t\t\t\t\t\t<div class=\"qodef-e-info qodef-info--bottom\">\n\t\t\t\t\t\t<div class=\"qodef-e-read-more\">\n\t\t<a class=\"qodef-shortcode qodef-m  qodef-qi-button qodef-html--link qodef-layout--outlined qodef-type--standard qodef-size--small  qodef-icon--right qodef-hover--icon-move-horizontal-short     \" href=\"https:\/\/archerit.is\/pl\/trwa-realizacja-projektu-cisco-dla-szkol\/\" target=\"_self\">\t<span class=\"qodef-m-text\">Wi\u0119cej<\/span>\t<\/a>\t<\/div>\n\t\t\t\t<\/div>\n\t\t\t\t\t<\/div>\n\t<\/div>\n<\/article>\n<article class=\"qodef-e qodef-blog-item qodef-grid-item qodef-item--square post-2931 post type-post status-publish format-standard has-post-thumbnail hentry category-aktualnosci tag-cisco tag-konferencja\">\n\t<div class=\"qodef-e-inner\">\n\t\t<div class=\"qodef-e-media-holder\">\n\t\t\t<div class=\"qodef-e-media\">\n\t\t<div class=\"qodef-e-media-image\">\n\t\t<a itemprop=\"url\" href=\"https:\/\/archerit.is\/pl\/archer-na-cisco-partner-se-club\/\">\n\t\t\t<img decoding=\"async\" width=\"650\" height=\"650\" src=\"https:\/\/archerit.is\/wp-content\/uploads\/2024\/05\/cisco-partner-se-club-strona-www-650x650.png\" class=\"attachment-qi_addons_for_elementor_image_size_square size-qi_addons_for_elementor_image_size_square\" alt=\"spotkanie cisco partner se club w warszawskim biurze cisco systems\" srcset=\"https:\/\/archerit.is\/wp-content\/uploads\/2024\/05\/cisco-partner-se-club-strona-www-650x650.png 650w, https:\/\/archerit.is\/wp-content\/uploads\/2024\/05\/cisco-partner-se-club-strona-www-300x300.png 300w, https:\/\/archerit.is\/wp-content\/uploads\/2024\/05\/cisco-partner-se-club-strona-www-1024x1024.png 1024w, https:\/\/archerit.is\/wp-content\/uploads\/2024\/05\/cisco-partner-se-club-strona-www-150x150.png 150w, https:\/\/archerit.is\/wp-content\/uploads\/2024\/05\/cisco-partner-se-club-strona-www-768x768.png 768w, https:\/\/archerit.is\/wp-content\/uploads\/2024\/05\/cisco-partner-se-club-strona-www.png 1080w\" sizes=\"(max-width: 650px) 100vw, 650px\" \/>\t\t<\/a>\n\t\t\t<\/div>\n<\/div>\n<div itemprop=\"dateCreated\" class=\"qodef-e-info-item qodef-e-info-date entry-date \">\n\t<a itemprop=\"url\" href=\"https:\/\/archerit.is\/pl\/2024\/05\/\">\n\t\t15 maj\t<\/a>\n<\/div>\n\t\t<\/div>\n\t\t<div class=\"qodef-e-content\">\n\t\t\t\t\t\t\t<div class=\"qodef-e-info qodef-info--top\">\n\t\t\t\t\t\t\t\t\t<\/div>\n\t\t\t\t\t\t<div class=\"qodef-e-text\">\n\t\t\t\t<h5 itemprop=\"name\" class=\"qodef-e-title entry-title\">\n\t<a itemprop=\"url\" class=\"qodef-e-title-link\" href=\"https:\/\/archerit.is\/pl\/archer-na-cisco-partner-se-club\/\">\n\t\tArcher na Cisco Partner SE Club\t<\/a>\n<\/h5>\n\t\t<p itemprop=\"description\" class=\"qodef-e-excerpt\">\n\t\t\t8-9 maja 2024 roku w warszawskim biurze Cisco Systems odby\u0142a si\u0119 wiosenna edycja spotkania Cisco Partner SE Club. Wydarzenie po\u015bwi\u0119cone by\u0142o g\u0142\u00f3wnie aktualizacji technologic\t\t<\/p>\n\t\t\t\t<\/div>\n\t\t\t\t\t\t\t<div class=\"qodef-e-info qodef-info--bottom\">\n\t\t\t\t\t\t<div class=\"qodef-e-read-more\">\n\t\t<a class=\"qodef-shortcode qodef-m  qodef-qi-button qodef-html--link qodef-layout--outlined qodef-type--standard qodef-size--small  qodef-icon--right qodef-hover--icon-move-horizontal-short     \" href=\"https:\/\/archerit.is\/pl\/archer-na-cisco-partner-se-club\/\" target=\"_self\">\t<span class=\"qodef-m-text\">Wi\u0119cej<\/span>\t<\/a>\t<\/div>\n\t\t\t\t<\/div>\n\t\t\t\t\t<\/div>\n\t<\/div>\n<\/article>\n<article class=\"qodef-e qodef-blog-item qodef-grid-item qodef-item--square post-2925 post type-post status-publish format-standard has-post-thumbnail hentry category-aktualnosci tag-cisco tag-cisco-meraki tag-konferencja tag-krakow\">\n\t<div class=\"qodef-e-inner\">\n\t\t<div class=\"qodef-e-media-holder\">\n\t\t\t<div class=\"qodef-e-media\">\n\t\t<div class=\"qodef-e-media-image\">\n\t\t<a itemprop=\"url\" href=\"https:\/\/archerit.is\/pl\/power-of-the-platform-szkolenie-23-04-2024-r\/\">\n\t\t\t<img loading=\"lazy\" decoding=\"async\" width=\"650\" height=\"650\" src=\"https:\/\/archerit.is\/wp-content\/uploads\/2024\/04\/Szkolenie-Cisco-informacja-650x650.png\" class=\"attachment-qi_addons_for_elementor_image_size_square size-qi_addons_for_elementor_image_size_square\" alt=\"szkolenie Power of the Platform z Cisco Meraki\" srcset=\"https:\/\/archerit.is\/wp-content\/uploads\/2024\/04\/Szkolenie-Cisco-informacja-650x650.png 650w, https:\/\/archerit.is\/wp-content\/uploads\/2024\/04\/Szkolenie-Cisco-informacja-150x150.png 150w\" sizes=\"(max-width: 650px) 100vw, 650px\" \/>\t\t<\/a>\n\t\t\t<\/div>\n<\/div>\n<div itemprop=\"dateCreated\" class=\"qodef-e-info-item qodef-e-info-date entry-date \">\n\t<a itemprop=\"url\" href=\"https:\/\/archerit.is\/pl\/2024\/04\/\">\n\t\t29 kwi\t<\/a>\n<\/div>\n\t\t<\/div>\n\t\t<div class=\"qodef-e-content\">\n\t\t\t\t\t\t\t<div class=\"qodef-e-info qodef-info--top\">\n\t\t\t\t\t\t\t\t\t<\/div>\n\t\t\t\t\t\t<div class=\"qodef-e-text\">\n\t\t\t\t<h5 itemprop=\"name\" class=\"qodef-e-title entry-title\">\n\t<a itemprop=\"url\" class=\"qodef-e-title-link\" href=\"https:\/\/archerit.is\/pl\/power-of-the-platform-szkolenie-23-04-2024-r\/\">\n\t\tPower of the Platform &#8211; szkolenie 23.04.2024 r.\t<\/a>\n<\/h5>\n\t\t<p itemprop=\"description\" class=\"qodef-e-excerpt\">\n\t\t\t23.04.2024 r. w krakowskiej siedzibie Cisco Systems odby\u0142o si\u0119 jednodniowe szkolenie &#8222;Power of the Platform: Si\u0142a zarz\u0105dzania infrastruktur\u0105 IT z jednej platformy&#8221;\t\t<\/p>\n\t\t\t\t<\/div>\n\t\t\t\t\t\t\t<div class=\"qodef-e-info qodef-info--bottom\">\n\t\t\t\t\t\t<div class=\"qodef-e-read-more\">\n\t\t<a class=\"qodef-shortcode qodef-m  qodef-qi-button qodef-html--link qodef-layout--outlined qodef-type--standard qodef-size--small  qodef-icon--right qodef-hover--icon-move-horizontal-short     \" href=\"https:\/\/archerit.is\/pl\/power-of-the-platform-szkolenie-23-04-2024-r\/\" target=\"_self\">\t<span class=\"qodef-m-text\">Wi\u0119cej<\/span>\t<\/a>\t<\/div>\n\t\t\t\t<\/div>\n\t\t\t\t\t<\/div>\n\t<\/div>\n<\/article>\n<article class=\"qodef-e qodef-blog-item qodef-grid-item qodef-item--square post-2896 post type-post status-publish format-standard has-post-thumbnail hentry category-aktualnosci tag-cisco tag-cisco-meraki tag-konferencja tag-krakow\">\n\t<div class=\"qodef-e-inner\">\n\t\t<div class=\"qodef-e-media-holder\">\n\t\t\t<div class=\"qodef-e-media\">\n\t\t<div class=\"qodef-e-media-image\">\n\t\t<a itemprop=\"url\" href=\"https:\/\/archerit.is\/pl\/power-of-the-platform-rejestracja-otwarta\/\">\n\t\t\t<img loading=\"lazy\" decoding=\"async\" width=\"600\" height=\"450\" src=\"https:\/\/archerit.is\/wp-content\/uploads\/2024\/04\/zaproszenie-do-zapisow-mailing-600-x-450-px.png\" class=\"attachment-qi_addons_for_elementor_image_size_square size-qi_addons_for_elementor_image_size_square\" alt=\"\" srcset=\"https:\/\/archerit.is\/wp-content\/uploads\/2024\/04\/zaproszenie-do-zapisow-mailing-600-x-450-px.png 600w, https:\/\/archerit.is\/wp-content\/uploads\/2024\/04\/zaproszenie-do-zapisow-mailing-600-x-450-px-300x225.png 300w\" sizes=\"(max-width: 600px) 100vw, 600px\" \/>\t\t<\/a>\n\t\t\t<\/div>\n<\/div>\n<div itemprop=\"dateCreated\" class=\"qodef-e-info-item qodef-e-info-date entry-date \">\n\t<a itemprop=\"url\" href=\"https:\/\/archerit.is\/pl\/2024\/04\/\">\n\t\t7 kwi\t<\/a>\n<\/div>\n\t\t<\/div>\n\t\t<div class=\"qodef-e-content\">\n\t\t\t\t\t\t\t<div class=\"qodef-e-info qodef-info--top\">\n\t\t\t\t\t\t\t\t\t<\/div>\n\t\t\t\t\t\t<div class=\"qodef-e-text\">\n\t\t\t\t<h5 itemprop=\"name\" class=\"qodef-e-title entry-title\">\n\t<a itemprop=\"url\" class=\"qodef-e-title-link\" href=\"https:\/\/archerit.is\/pl\/power-of-the-platform-rejestracja-otwarta\/\">\n\t\tPower of the platform &#8211; rejestracja otwarta!\t<\/a>\n<\/h5>\n\t\t<p itemprop=\"description\" class=\"qodef-e-excerpt\">\n\t\t\tZapraszamy Pa\u0144stwa do udzia\u0142u w bezp\u0142atnej konferencji POWER OF THE PLATFORM, kt\u00f3ra odb\u0119dzie si\u0119 w dniu 23 kwietnia 2024 r. w biurze Cisco Systems w Krakowie.\t\t<\/p>\n\t\t\t\t<\/div>\n\t\t\t\t\t\t\t<div class=\"qodef-e-info qodef-info--bottom\">\n\t\t\t\t\t\t<div class=\"qodef-e-read-more\">\n\t\t<a class=\"qodef-shortcode qodef-m  qodef-qi-button qodef-html--link qodef-layout--outlined qodef-type--standard qodef-size--small  qodef-icon--right qodef-hover--icon-move-horizontal-short     \" href=\"https:\/\/archerit.is\/pl\/power-of-the-platform-rejestracja-otwarta\/\" target=\"_self\">\t<span class=\"qodef-m-text\">Wi\u0119cej<\/span>\t<\/a>\t<\/div>\n\t\t\t\t<\/div>\n\t\t\t\t\t<\/div>\n\t<\/div>\n<\/article>\n<article class=\"qodef-e qodef-blog-item qodef-grid-item qodef-item--square post-2378 post type-post status-publish format-standard has-post-thumbnail hentry category-aktualnosci\">\n\t<div class=\"qodef-e-inner\">\n\t\t<div class=\"qodef-e-media-holder\">\n\t\t\t<div class=\"qodef-e-media\">\n\t\t<div class=\"qodef-e-media-image\">\n\t\t<a itemprop=\"url\" href=\"https:\/\/archerit.is\/pl\/hello-world-copy\/\">\n\t\t\t<img loading=\"lazy\" decoding=\"async\" width=\"526\" height=\"526\" src=\"https:\/\/archerit.is\/wp-content\/uploads\/2023\/08\/Channel.experience.jpeg\" class=\"attachment-qi_addons_for_elementor_image_size_square size-qi_addons_for_elementor_image_size_square\" alt=\"\" srcset=\"https:\/\/archerit.is\/wp-content\/uploads\/2023\/08\/Channel.experience.jpeg 526w, https:\/\/archerit.is\/wp-content\/uploads\/2023\/08\/Channel.experience-300x300.jpeg 300w, https:\/\/archerit.is\/wp-content\/uploads\/2023\/08\/Channel.experience-150x150.jpeg 150w\" sizes=\"(max-width: 526px) 100vw, 526px\" \/>\t\t<\/a>\n\t\t\t<\/div>\n<\/div>\n<div itemprop=\"dateCreated\" class=\"qodef-e-info-item qodef-e-info-date entry-date \">\n\t<a itemprop=\"url\" href=\"https:\/\/archerit.is\/pl\/2023\/08\/\">\n\t\t7 sie\t<\/a>\n<\/div>\n\t\t<\/div>\n\t\t<div class=\"qodef-e-content\">\n\t\t\t\t\t\t\t<div class=\"qodef-e-info qodef-info--top\">\n\t\t\t\t\t\t\t\t\t<\/div>\n\t\t\t\t\t\t<div class=\"qodef-e-text\">\n\t\t\t\t<h5 itemprop=\"name\" class=\"qodef-e-title entry-title\">\n\t<a itemprop=\"url\" class=\"qodef-e-title-link\" href=\"https:\/\/archerit.is\/pl\/hello-world-copy\/\">\n\t\tARCHER na Channel Partner Experience w \u0141odzi\t<\/a>\n<\/h5>\n\t\t<p itemprop=\"description\" class=\"qodef-e-excerpt\">\n\t\t\tW ostatnich dniach wzi\u0119li\u015bmy udzia\u0142 w konferencji Channel Partner Experience w \u0141odzi. Eksperci ALSO Group, Ingram Micro, TD SYNNEX oraz Cisco podzielili si\u0119 wiedz\u0105 z zakresu \t\t<\/p>\n\t\t\t\t<\/div>\n\t\t\t\t\t\t\t<div class=\"qodef-e-info qodef-info--bottom\">\n\t\t\t\t\t\t<div class=\"qodef-e-read-more\">\n\t\t<a class=\"qodef-shortcode qodef-m  qodef-qi-button qodef-html--link qodef-layout--outlined qodef-type--standard qodef-size--small  qodef-icon--right qodef-hover--icon-move-horizontal-short     \" href=\"https:\/\/archerit.is\/pl\/hello-world-copy\/\" target=\"_self\">\t<span class=\"qodef-m-text\">Wi\u0119cej<\/span>\t<\/a>\t<\/div>\n\t\t\t\t<\/div>\n\t\t\t\t\t<\/div>\n\t<\/div>\n<\/article>\n<article class=\"qodef-e qodef-blog-item qodef-grid-item qodef-item--square post-1 post type-post status-publish format-standard has-post-thumbnail hentry category-aktualnosci\">\n\t<div class=\"qodef-e-inner\">\n\t\t<div class=\"qodef-e-media-holder\">\n\t\t\t<div class=\"qodef-e-media\">\n\t\t<div class=\"qodef-e-media-image\">\n\t\t<a itemprop=\"url\" href=\"https:\/\/archerit.is\/pl\/nowe-miejsce\/\">\n\t\t\t<img loading=\"lazy\" decoding=\"async\" width=\"600\" height=\"503\" src=\"https:\/\/archerit.is\/wp-content\/uploads\/2023\/07\/Nowe.Biuro_.jpeg\" class=\"attachment-qi_addons_for_elementor_image_size_square size-qi_addons_for_elementor_image_size_square\" alt=\"\" srcset=\"https:\/\/archerit.is\/wp-content\/uploads\/2023\/07\/Nowe.Biuro_.jpeg 600w, https:\/\/archerit.is\/wp-content\/uploads\/2023\/07\/Nowe.Biuro_-300x252.jpeg 300w\" sizes=\"(max-width: 600px) 100vw, 600px\" \/>\t\t<\/a>\n\t\t\t<\/div>\n<\/div>\n<div itemprop=\"dateCreated\" class=\"qodef-e-info-item qodef-e-info-date entry-date \">\n\t<a itemprop=\"url\" href=\"https:\/\/archerit.is\/pl\/2023\/07\/\">\n\t\t4 lip\t<\/a>\n<\/div>\n\t\t<\/div>\n\t\t<div class=\"qodef-e-content\">\n\t\t\t\t\t\t\t<div class=\"qodef-e-info qodef-info--top\">\n\t\t\t\t\t\t\t\t\t<\/div>\n\t\t\t\t\t\t<div class=\"qodef-e-text\">\n\t\t\t\t<h5 itemprop=\"name\" class=\"qodef-e-title entry-title\">\n\t<a itemprop=\"url\" class=\"qodef-e-title-link\" href=\"https:\/\/archerit.is\/pl\/nowe-miejsce\/\">\n\t\tNowe miejsce\t<\/a>\n<\/h5>\n\t\t<p itemprop=\"description\" class=\"qodef-e-excerpt\">\n\t\t\tNied\u0142ugo czeka nas spora zmiana: nowe biuro w cudownej lokalizacji. Tu\u017c przy Wi\u015ble z widokiem na Wawel. Jak tylko si\u0119 urz\u0105dzimy poka\u017cemy fotki\t\t<\/p>\n\t\t\t\t<\/div>\n\t\t\t\t\t\t\t<div class=\"qodef-e-info qodef-info--bottom\">\n\t\t\t\t\t\t<div class=\"qodef-e-read-more\">\n\t\t<a class=\"qodef-shortcode qodef-m  qodef-qi-button qodef-html--link qodef-layout--outlined qodef-type--standard qodef-size--small  qodef-icon--right qodef-hover--icon-move-horizontal-short     \" href=\"https:\/\/archerit.is\/pl\/nowe-miejsce\/\" target=\"_self\">\t<span class=\"qodef-m-text\">Wi\u0119cej<\/span>\t<\/a>\t<\/div>\n\t\t\t\t<\/div>\n\t\t\t\t\t<\/div>\n\t<\/div>\n<\/article>\n\t<\/div>\n\t<\/div>\n\t\t<\/div>\n\t\t\t\t<\/div>\n\t\t\t\t\t<\/div>\n\t\t<\/div>\n\t\t\t\t\t<\/div>\n\t\t<\/section>\n\t\t\t\t<\/div>\n\t\t","protected":false},"excerpt":{"rendered":"<p>Aktualno\u015bci Tutaj znajdziecie Pa\u0144stwo naj\u015bwie\u017csze informacje na temat naszej firmy. 7 sie Kolejny wpis w aktualno\u015bciach W ostatnich dniach wzi\u0119li\u015bmy udzia\u0142 w konferencji Channel Partner Experience w \u0141odzi. Eksperci ALSO Group, Ingram Micro, TD SYNNEX oraz Cisco podzielili si\u0119 wiedz\u0105 z zakresu Wi\u0119cej 7 sie Jeszcze jeden wpis Nied\u0142ugo czeka nas spora zmiana: nowe biuro [&hellip;]<\/p>\n","protected":false},"author":1,"featured_media":0,"parent":0,"menu_order":0,"comment_status":"closed","ping_status":"closed","template":"qi-full-width.php","meta":{"content-type":"","footnotes":""},"_links":{"self":[{"href":"https:\/\/archerit.is\/pl\/wp-json\/wp\/v2\/pages\/2373"}],"collection":[{"href":"https:\/\/archerit.is\/pl\/wp-json\/wp\/v2\/pages"}],"about":[{"href":"https:\/\/archerit.is\/pl\/wp-json\/wp\/v2\/types\/page"}],"author":[{"embeddable":true,"href":"https:\/\/archerit.is\/pl\/wp-json\/wp\/v2\/users\/1"}],"replies":[{"embeddable":true,"href":"https:\/\/archerit.is\/pl\/wp-json\/wp\/v2\/comments?post=2373"}],"version-history":[{"count":31,"href":"https:\/\/archerit.is\/pl\/wp-json\/wp\/v2\/pages\/2373\/revisions"}],"predecessor-version":[{"id":2683,"href":"https:\/\/archerit.is\/pl\/wp-json\/wp\/v2\/pages\/2373\/revisions\/2683"}],"wp:attachment":[{"href":"https:\/\/archerit.is\/pl\/wp-json\/wp\/v2\/media?parent=2373"}],"curies":[{"name":"wp","href":"https:\/\/api.w.org\/{rel}","templated":true}]}}